{"id":687,"date":"2025-05-14T13:06:29","date_gmt":"2025-05-14T13:06:29","guid":{"rendered":"https:\/\/life-malta.com\/?page_id=687"},"modified":"2025-06-04T17:24:46","modified_gmt":"2025-06-04T17:24:46","slug":"vip","status":"publish","type":"page","link":"https:\/\/life-malta.com\/en\/vip\/","title":{"rendered":"VIP"},"content":{"rendered":"<div data-elementor-type=\"wp-page\" data-elementor-id=\"687\" class=\"elementor elementor-687\">\n\t\t\t\t<div class=\"elementor-element elementor-element-ec2acbc e-flex e-con-boxed e-con e-parent\" data-id=\"ec2acbc\" data-element_type=\"container\" data-settings=\"{&quot;background_background&quot;:&quot;classic&quot;}\">\n\t\t\t\t\t<div class=\"e-con-inner\">\n\t\t<div class=\"elementor-element elementor-element-77bf92f e-con-full e-flex e-con e-child\" data-id=\"77bf92f\" data-element_type=\"container\">\n\t\t\t\t<div class=\"elementor-element elementor-element-f7de02d elementor-widget elementor-widget-image\" data-id=\"f7de02d\" data-element_type=\"widget\" data-widget_type=\"image.default\">\n\t\t\t\t<div class=\"elementor-widget-container\">\n\t\t\t\t\t\t\t\t\t\t\t\t\t\t\t\t<a href=\"https:\/\/life-malta.com\/en\/\">\n\t\t\t\t\t\t\t<img fetchpriority=\"high\" decoding=\"async\" width=\"289\" height=\"287\" src=\"https:\/\/life-malta.com\/wp-content\/uploads\/2025\/04\/3-1.png\" class=\"attachment-large size-large wp-image-66\" alt=\"\" srcset=\"https:\/\/life-malta.com\/wp-content\/uploads\/2025\/04\/3-1.png 289w, https:\/\/life-malta.com\/wp-content\/uploads\/2025\/04\/3-1-150x150.png 150w\" sizes=\"(max-width: 289px) 100vw, 289px\" \/>\t\t\t\t\t\t\t\t<\/a>\n\t\t\t\t\t\t\t\t\t\t\t\t\t\t\t<\/div>\n\t\t\t\t<\/div>\n\t\t\t\t<\/div>\n\t\t<div class=\"elementor-element elementor-element-40fc2d8 e-con-full e-flex e-con e-child\" data-id=\"40fc2d8\" data-element_type=\"container\">\n\t\t\t\t<div class=\"elementor-element elementor-element-da5a2cd elementor-widget elementor-widget-ekit-nav-menu\" data-id=\"da5a2cd\" data-element_type=\"widget\" data-widget_type=\"ekit-nav-menu.default\">\n\t\t\t\t<div class=\"elementor-widget-container\">\n\t\t\t\t\t\t\t<nav class=\"ekit-wid-con ekit_menu_responsive_mobile\" \n\t\t\tdata-hamburger-icon=\"icon icon-menu-button-of-three-horizontal-lines\" \n\t\t\tdata-hamburger-icon-type=\"icon\" \n\t\t\tdata-responsive-breakpoint=\"767\">\n\t\t\t            <button class=\"elementskit-menu-hamburger elementskit-menu-toggler\"  type=\"button\" aria-label=\"hamburger icon\">\n                <i aria-hidden=\"true\" class=\"ekit-menu-icon icon icon-menu-button-of-three-horizontal-lines\"><\/i>            <\/button>\n            <div id=\"ekit-megamenu-header-malte\" class=\"elementskit-menu-container elementskit-menu-offcanvas-elements elementskit-navbar-nav-default ekit-nav-menu-one-page-no ekit-nav-dropdown-hover\"><ul id=\"menu-header-malte\" class=\"elementskit-navbar-nav elementskit-menu-po-center submenu-click-on-icon\"><li id=\"menu-item-1144\" class=\"menu-item menu-item-type-post_type menu-item-object-page menu-item-1144 nav-item elementskit-mobile-builder-content\" data-vertical-menu=\"750px\"><a href=\"https:\/\/life-malta.com\/en\/meilleures-soirees-malte\/\" class=\"ekit-menu-nav-link\">Parties<\/a><\/li>\n<li id=\"menu-item-1143\" class=\"menu-item menu-item-type-post_type menu-item-object-page menu-item-1143 nav-item elementskit-mobile-builder-content\" data-vertical-menu=\"750px\"><a href=\"https:\/\/life-malta.com\/en\/excursions-malte\/\" class=\"ekit-menu-nav-link\">excursions<\/a><\/li>\n<li id=\"menu-item-1141\" class=\"menu-item menu-item-type-post_type menu-item-object-page menu-item-1141 nav-item elementskit-mobile-builder-content\" data-vertical-menu=\"750px\"><a href=\"https:\/\/life-malta.com\/en\/decouvrir-malte\/\" class=\"ekit-menu-nav-link\">Discover Malta<\/a><\/li>\n<li id=\"menu-item-1142\" class=\"menu-item menu-item-type-post_type menu-item-object-page menu-item-1142 nav-item elementskit-mobile-builder-content\" data-vertical-menu=\"750px\"><a href=\"https:\/\/life-malta.com\/en\/vip\/\" class=\"ekit-menu-nav-link\">VIP<\/a><\/li>\n<\/ul><div class=\"elementskit-nav-identity-panel\"><button class=\"elementskit-menu-close elementskit-menu-toggler\" type=\"button\">X<\/button><\/div><\/div>\t\t\t\n\t\t\t<div class=\"elementskit-menu-overlay elementskit-menu-offcanvas-elements elementskit-menu-toggler ekit-nav-menu--overlay\"><\/div>        <\/nav>\n\t\t\t\t\t\t<\/div>\n\t\t\t\t<\/div>\n\t\t\t\t<\/div>\n\t\t\t\t\t<\/div>\n\t\t\t\t<\/div>\n\t\t<div class=\"elementor-element elementor-element-94b3e57 e-flex e-con-boxed e-con e-parent\" data-id=\"94b3e57\" data-element_type=\"container\" data-settings=\"{&quot;background_background&quot;:&quot;classic&quot;}\">\n\t\t\t\t\t<div class=\"e-con-inner\">\n\t\t\t\t<div class=\"elementor-element elementor-element-0fdb814 elementor-widget elementor-widget-spacer\" data-id=\"0fdb814\" data-element_type=\"widget\" data-widget_type=\"spacer.default\">\n\t\t\t\t<div class=\"elementor-widget-container\">\n\t\t\t\t\t\t\t<div class=\"elementor-spacer\">\n\t\t\t<div class=\"elementor-spacer-inner\"><\/div>\n\t\t<\/div>\n\t\t\t\t\t\t<\/div>\n\t\t\t\t<\/div>\n\t\t\t\t<div class=\"elementor-element elementor-element-937e82c elementor-widget elementor-widget-heading\" data-id=\"937e82c\" data-element_type=\"widget\" data-widget_type=\"heading.default\">\n\t\t\t\t<div class=\"elementor-widget-container\">\n\t\t\t\t\t<h2 class=\"elementor-heading-title elementor-size-default\">Venez tester l'exp\u00e9rience VIP \u00e0 Malte<\/h2>\t\t\t\t<\/div>\n\t\t\t\t<\/div>\n\t\t\t\t<div class=\"elementor-element elementor-element-35efd4a elementor-widget elementor-widget-spacer\" data-id=\"35efd4a\" data-element_type=\"widget\" data-widget_type=\"spacer.default\">\n\t\t\t\t<div class=\"elementor-widget-container\">\n\t\t\t\t\t\t\t<div class=\"elementor-spacer\">\n\t\t\t<div class=\"elementor-spacer-inner\"><\/div>\n\t\t<\/div>\n\t\t\t\t\t\t<\/div>\n\t\t\t\t<\/div>\n\t\t\t\t\t<\/div>\n\t\t\t\t<\/div>\n\t\t<div class=\"elementor-element elementor-element-61a45be e-flex e-con-boxed e-con e-parent\" data-id=\"61a45be\" data-element_type=\"container\">\n\t\t\t\t\t<div class=\"e-con-inner\">\n\t\t\t\t<div class=\"elementor-element elementor-element-b6942ba elementor-widget elementor-widget-text-editor\" data-id=\"b6942ba\" data-element_type=\"widget\" data-widget_type=\"text-editor.default\">\n\t\t\t\t<div class=\"elementor-widget-container\">\n\t\t\t\t\t\t\t\t\t<p data-start=\"107\" data-end=\"336\"><strong data-start=\"107\" data-end=\"179\"><span class=\"_fadeIn_m1hgl_8\">Offrez-<\/span><span class=\"_fadeIn_m1hgl_8\">YOU <\/span><span class=\"_fadeIn_m1hgl_8\">THE <\/span><span class=\"_fadeIn_m1hgl_8\">luxe <\/span><span class=\"_fadeIn_m1hgl_8\">of a <\/span><span class=\"_fadeIn_m1hgl_8\">evening <\/span><span class=\"_fadeIn_m1hgl_8\">inoubliable \u00e0 Malte <\/span><span class=\"_fadeIn_m1hgl_8\">with <\/span><span class=\"_fadeIn_m1hgl_8\">notre <\/span><span class=\"_fadeIn_m1hgl_8\">service <\/span><span class=\"_fadeIn_m1hgl_8\">VIP.<\/span><\/strong><\/p><p data-start=\"107\" data-end=\"336\"><span class=\"_fadeIn_m1hgl_8\">Enjoy <\/span><span class=\"_fadeIn_m1hgl_8\">of a <\/span><span class=\"_fadeIn_m1hgl_8\">acc\u00e8s <\/span><span class=\"_fadeIn_m1hgl_8\">privil\u00e9gi\u00e9 <\/span><span class=\"_fadeIn_m1hgl_8\">has <\/span><span class=\"_fadeIn_m1hgl_8\">of the <\/span><span class=\"_fadeIn_m1hgl_8\">espaces <\/span><span class=\"_fadeIn_m1hgl_8\">exclusifs, <\/span><span class=\"_fadeIn_m1hgl_8\">of a <\/span><span class=\"_fadeIn_m1hgl_8\">service <\/span><span class=\"_fadeIn_m1hgl_8\">on <\/span><span class=\"_fadeIn_m1hgl_8\">mesure <\/span><span class=\"_fadeIn_m1hgl_8\">And <\/span><span class=\"_fadeIn_m1hgl_8\">of a <\/span><span class=\"_fadeIn_m1hgl_8\">attention <\/span><span class=\"_fadeIn_m1hgl_8\">haut <\/span><span class=\"_fadeIn_m1hgl_8\">of <\/span><span class=\"_fadeIn_m1hgl_8\">gamme <\/span><span class=\"_fadeIn_m1hgl_8\">For <\/span><span class=\"_fadeIn_m1hgl_8\">live <\/span><span class=\"_fadeIn_m1hgl_8\">a <\/span><span class=\"_fadeIn_m1hgl_8\">experience <\/span><span class=\"_fadeIn_m1hgl_8\">out <\/span><span class=\"_fadeIn_m1hgl_8\">of <\/span><span class=\"_fadeIn_m1hgl_8\">commun.<\/span><\/p><p data-start=\"338\" data-end=\"528\" data-is-last-node=\"\" data-is-only-node=\"\"><span class=\"_fadeIn_m1hgl_8\">Remplissez <\/span><span class=\"_fadeIn_m1hgl_8\">simplement <\/span><span class=\"_fadeIn_m1hgl_8\">THE <\/span><span class=\"_fadeIn_m1hgl_8\">formulaire <\/span><span class=\"_fadeIn_m1hgl_8\">ci-<\/span><span class=\"_fadeIn_m1hgl_8\">dessous <\/span><span class=\"_fadeIn_m1hgl_8\">with <\/span><span class=\"_fadeIn_m1hgl_8\">vos <\/span><span class=\"_fadeIn_m1hgl_8\">infos <\/span><span class=\"_fadeIn_m1hgl_8\">And <\/span><span class=\"_fadeIn_m1hgl_8\">indiquez-<\/span><span class=\"_fadeIn_m1hgl_8\">We <\/span><span class=\"_fadeIn_m1hgl_8\">has <\/span><span class=\"_fadeIn_m1hgl_8\">quelle <\/span><span class=\"_fadeIn_m1hgl_8\">party <\/span><span class=\"_fadeIn_m1hgl_8\">And <\/span><span class=\"_fadeIn_m1hgl_8\">In <\/span><span class=\"_fadeIn_m1hgl_8\">quel <\/span><span class=\"_fadeIn_m1hgl_8\">lieu <\/span><span class=\"_fadeIn_m1hgl_8\">YOU <\/span><span class=\"_fadeIn_m1hgl_8\">souhaitez <\/span><span class=\"_fadeIn_m1hgl_8\">briller.<\/span><\/p>\t\t\t\t\t\t\t\t<\/div>\n\t\t\t\t<\/div>\n\t\t\t\t\t<\/div>\n\t\t\t\t<\/div>\n\t\t<div class=\"elementor-element elementor-element-2b0b4f2 e-con-full e-flex e-con e-parent\" data-id=\"2b0b4f2\" data-element_type=\"container\">\n\t\t\t\t<div class=\"elementor-element elementor-element-6fe49ca elementor-widget elementor-widget-spacer\" data-id=\"6fe49ca\" data-element_type=\"widget\" data-widget_type=\"spacer.default\">\n\t\t\t\t<div class=\"elementor-widget-container\">\n\t\t\t\t\t\t\t<div class=\"elementor-spacer\">\n\t\t\t<div class=\"elementor-spacer-inner\"><\/div>\n\t\t<\/div>\n\t\t\t\t\t\t<\/div>\n\t\t\t\t<\/div>\n\t\t\t\t<div class=\"elementor-element elementor-element-c653022 fluentform-widget-submit-button-custom elementor-widget elementor-widget-fluent-form-widget\" data-id=\"c653022\" data-element_type=\"widget\" data-widget_type=\"fluent-form-widget.default\">\n\t\t\t\t<div class=\"elementor-widget-container\">\n\t\t\t\t\t\n            <div class=\"fluentform-widget-wrapper fluentform-widget-align-default\">\n\n            \n            <div class='fluentform ff-default fluentform_wrapper_3 ffs_default_wrap'><form data-form_id=\"3\" id=\"fluentform_3\" class=\"frm-fluent-form fluent_form_3 ff-el-form-top ff_form_instance_3_1 ff-form-loading ffs_default\" data-form_instance=\"ff_form_instance_3_1\" method=\"POST\" action=\"\" ><fieldset  style=\"border: none!important;margin: 0!important;padding: 0!important;background-color: transparent!important;box-shadow: none!important;outline: none!important; min-inline-size: 100%;\">\n                    <legend class=\"ff_screen_reader_title\" style=\"display: block; margin: 0!important;padding: 0!important;height: 0!important;text-indent: -999999px;width: 0!important;overflow:hidden;\">VIP Forms<\/legend><input type='hidden' name='__fluent_form_embded_post_id' value='687' \/><input type=\"hidden\" id=\"_fluentform_3_fluentformnonce\" name=\"_fluentform_3_fluentformnonce\" value=\"1e81268efb\" \/><input type=\"hidden\" name=\"_wp_http_referer\" value=\"\/en\/wp-json\/wp\/v2\/pages\/687\" \/><div data-type=\"name-element\" data-name=\"names\" class=\"ff-field_container ff-name-field-wrapper\" ><div class='ff-t-container'><div class='ff-t-cell'><div class='ff-el-group ff-el-form-hide_label'><div class=\"ff-el-input--label asterisk-right\"><label for='ff_3_names_last_name_' id='label_ff_3_names_last_name_' >Nom<\/label><\/div><div class='ff-el-input--content'><input type=\"text\" name=\"names[last_name]\" id=\"ff_3_names_last_name_\" class=\"ff-el-form-control\" placeholder=\"Votre nom\" aria-invalid=\"false\" aria-required=\"false\"><\/div><\/div><\/div><\/div><\/div><div class='ff-el-group ff-el-form-hide_label'><div class=\"ff-el-input--label ff-el-is-required asterisk-right\"><label for='ff_3_input_text' id='label_ff_3_input_text' aria-label=\"Nom de la soir\u00e9e\">Nom de la soir\u00e9e<\/label><\/div><div class='ff-el-input--content'><input type=\"text\" name=\"input_text\" class=\"ff-el-form-control\" placeholder=\"Nom de la soir\u00e9e\" data-name=\"input_text\" id=\"ff_3_input_text\"  aria-invalid=\"false\" aria-required=\"true\"><\/div><\/div><div class='ff-el-group ff-el-form-hide_label'><div class=\"ff-el-input--label ff-el-is-required asterisk-right\"><label for='ff_3_input_text_1' id='label_ff_3_input_text_1' aria-label=\"Date de la soir\u00e9e\">Date de la soir\u00e9e<\/label><\/div><div class='ff-el-input--content'><input type=\"text\" name=\"input_text_1\" class=\"ff-el-form-control\" placeholder=\"Date de la soir\u00e9e\" data-name=\"input_text_1\" id=\"ff_3_input_text_1\"  aria-invalid=\"false\" aria-required=\"true\"><\/div><\/div><div class='ff-el-group ff-el-form-hide_label'><div class=\"ff-el-input--label ff-el-is-required asterisk-right\"><label for='ff_3_input_text_2' id='label_ff_3_input_text_2' aria-label=\"Nombre de personnes\">Nombre de personnes<\/label><\/div><div class='ff-el-input--content'><input type=\"text\" name=\"input_text_2\" class=\"ff-el-form-control\" placeholder=\"Nombre de personnes\" data-name=\"input_text_2\" id=\"ff_3_input_text_2\"  aria-invalid=\"false\" aria-required=\"true\"><\/div><\/div><div class='ff-el-group ff-el-form-hide_label'><div class=\"ff-el-input--label ff-el-is-required asterisk-right\"><label for='ff_3_input_text_3' id='label_ff_3_input_text_3' aria-label=\"Num\u00e9ro de t\u00e9l\u00e9phone\">Num\u00e9ro de t\u00e9l\u00e9phone<\/label><\/div><div class='ff-el-input--content'><input type=\"text\" name=\"input_text_3\" class=\"ff-el-form-control\" placeholder=\"T\u00e9l\u00e9phone\" data-name=\"input_text_3\" id=\"ff_3_input_text_3\"  aria-invalid=\"false\" aria-required=\"true\"><\/div><\/div><div class='ff-el-group ff-el-form-hide_label'><div class=\"ff-el-input--label ff-el-is-required asterisk-right\"><label for='ff_3_email' id='label_ff_3_email' aria-label=\"E-mail\">E-mail<\/label><\/div><div class='ff-el-input--content'><input type=\"email\" name=\"email\" id=\"ff_3_email\" class=\"ff-el-form-control\" placeholder=\"Adresse e-mail\" data-name=\"email\"  aria-invalid=\"false\" aria-required=\"true\"><\/div><\/div><div class='ff-el-group ff-text-left ff_submit_btn_wrapper'><button type=\"submit\" class=\"ff-btn ff-btn-submit ff-btn-md ff_btn_style wpf_has_custom_css\"  aria-label=\"Envoyer la demande\">Envoyer la demande<\/button><\/div><\/fieldset><input type=\"hidden\" name=\"trp-form-language\" value=\"en\"\/><\/form><div id='fluentform_3_errors' class='ff-errors-in-stack ff_form_instance_3_1 ff-form-loading_errors ff_form_instance_3_1_errors'><\/div><\/div>            <script type=\"text\/javascript\">\n                window.fluent_form_ff_form_instance_3_1 = {\"id\":\"3\",\"settings\":{\"layout\":{\"labelPlacement\":\"top\",\"asteriskPlacement\":\"asterisk-right\",\"helpMessagePlacement\":\"with_label\",\"errorMessagePlacement\":\"inline\",\"cssClassName\":\"\"},\"restrictions\":{\"denyEmptySubmission\":{\"enabled\":false}}},\"form_instance\":\"ff_form_instance_3_1\",\"form_id_selector\":\"fluentform_3\",\"rules\":{\"names[first_name]\":{\"required\":{\"value\":false,\"message\":\"This field is required\",\"global_message\":\"Ce champ est requis\",\"global\":true}},\"names[middle_name]\":{\"required\":{\"value\":false,\"message\":\"This field is required\",\"global_message\":\"Ce champ est requis\",\"global\":true}},\"names[last_name]\":{\"required\":{\"value\":false,\"message\":\"This field is required\",\"global_message\":\"Ce champ est requis\",\"global\":true}},\"input_text\":{\"required\":{\"value\":true,\"message\":\"This field is required\",\"global_message\":\"Ce champ est requis\",\"global\":true}},\"input_text_1\":{\"required\":{\"value\":true,\"message\":\"This field is required\",\"global_message\":\"Ce champ est requis\",\"global\":true}},\"input_text_2\":{\"required\":{\"value\":true,\"message\":\"This field is required\",\"global_message\":\"Ce champ est requis\",\"global\":true}},\"input_text_3\":{\"required\":{\"value\":true,\"message\":\"This field is required\",\"global_message\":\"Ce champ est requis\",\"global\":true}},\"email\":{\"required\":{\"value\":true,\"message\":\"This field is required\",\"global_message\":\"Ce champ est requis\",\"global\":true},\"email\":{\"value\":true,\"message\":\"This field must contain a valid email\",\"global_message\":\"Ce champ doit contenir un e-mail valide\",\"global\":true}}},\"debounce_time\":300};\n                            <\/script>\n                        <\/div>\n\n            \t\t\t\t<\/div>\n\t\t\t\t<\/div>\n\t\t\t\t<\/div>\n\t\t\t\t<\/div>","protected":false},"excerpt":{"rendered":"<p>Soir\u00e9es excursions D\u00e9couvrir Malte VIP X Venez tester l&rsquo;exp\u00e9rience VIP \u00e0 Malte Offrez-vous le luxe d\u2019une soir\u00e9e inoubliable \u00e0 Malte avec notre service VIP. Profitez d\u2019un acc\u00e8s privil\u00e9gi\u00e9 \u00e0 des espaces exclusifs, d\u2019un service sur mesure et d\u2019une attention haut de gamme pour vivre une exp\u00e9rience hors du commun. Remplissez simplement le formulaire ci-dessous avec [&hellip;]<\/p>","protected":false},"author":1,"featured_media":0,"parent":0,"menu_order":0,"comment_status":"closed","ping_status":"closed","template":"elementor_canvas","meta":{"footnotes":""},"class_list":["post-687","page","type-page","status-publish","hentry"],"yoast_head":"<!-- This site is optimized with the Yoast SEO plugin v25.6 - https:\/\/yoast.com\/wordpress\/plugins\/seo\/ -->\n<title>Venez tester l&#039;exp\u00e9rience VIP \u00e0 Malte !<\/title>\n<meta name=\"description\" content=\"Profitez d\u2019un acc\u00e8s privil\u00e9gi\u00e9 \u00e0 des espaces exclusifs, d\u2019un service sur mesure pour vivre une exp\u00e9rience VIP hors du commun \u00e0 Malte.\" \/>\n<meta name=\"robots\" content=\"index, follow, max-snippet:-1, max-image-preview:large, max-video-preview:-1\" \/>\n<link rel=\"canonical\" href=\"https:\/\/life-malta.com\/en\/vip\/\" \/>\n<meta property=\"og:locale\" content=\"en_GB\" \/>\n<meta property=\"og:type\" content=\"article\" \/>\n<meta property=\"og:title\" content=\"Venez tester l&#039;exp\u00e9rience VIP \u00e0 Malte !\" \/>\n<meta property=\"og:description\" content=\"Profitez d\u2019un acc\u00e8s privil\u00e9gi\u00e9 \u00e0 des espaces exclusifs, d\u2019un service sur mesure pour vivre une exp\u00e9rience VIP hors du commun \u00e0 Malte.\" \/>\n<meta property=\"og:url\" content=\"https:\/\/life-malta.com\/en\/vip\/\" \/>\n<meta property=\"og:site_name\" content=\"life-malta.com\" \/>\n<meta property=\"article:modified_time\" content=\"2025-06-04T17:24:46+00:00\" \/>\n<meta property=\"og:image\" content=\"https:\/\/life-malta.com\/wp-content\/uploads\/2025\/04\/3-1.png\" \/>\n\t<meta property=\"og:image:width\" content=\"289\" \/>\n\t<meta property=\"og:image:height\" content=\"287\" \/>\n\t<meta property=\"og:image:type\" content=\"image\/png\" \/>\n<meta name=\"twitter:card\" content=\"summary_large_image\" \/>\n<meta name=\"twitter:label1\" content=\"Estimated reading time\" \/>\n\t<meta name=\"twitter:data1\" content=\"1 minute\" \/>\n<script type=\"application\/ld+json\" class=\"yoast-schema-graph\">{\"@context\":\"https:\/\/schema.org\",\"@graph\":[{\"@type\":\"WebPage\",\"@id\":\"https:\/\/life-malta.com\/vip\/\",\"url\":\"https:\/\/life-malta.com\/vip\/\",\"name\":\"Venez tester l'exp\u00e9rience VIP \u00e0 Malte !\",\"isPartOf\":{\"@id\":\"https:\/\/life-malta.com\/#website\"},\"primaryImageOfPage\":{\"@id\":\"https:\/\/life-malta.com\/vip\/#primaryimage\"},\"image\":{\"@id\":\"https:\/\/life-malta.com\/vip\/#primaryimage\"},\"thumbnailUrl\":\"https:\/\/life-malta.com\/wp-content\/uploads\/2025\/04\/3-1.png\",\"datePublished\":\"2025-05-14T13:06:29+00:00\",\"dateModified\":\"2025-06-04T17:24:46+00:00\",\"description\":\"Profitez d\u2019un acc\u00e8s privil\u00e9gi\u00e9 \u00e0 des espaces exclusifs, d\u2019un service sur mesure pour vivre une exp\u00e9rience VIP hors du commun \u00e0 Malte.\",\"breadcrumb\":{\"@id\":\"https:\/\/life-malta.com\/vip\/#breadcrumb\"},\"inLanguage\":\"en-GB\",\"potentialAction\":[{\"@type\":\"ReadAction\",\"target\":[\"https:\/\/life-malta.com\/vip\/\"]}]},{\"@type\":\"ImageObject\",\"inLanguage\":\"en-GB\",\"@id\":\"https:\/\/life-malta.com\/vip\/#primaryimage\",\"url\":\"https:\/\/life-malta.com\/wp-content\/uploads\/2025\/04\/3-1.png\",\"contentUrl\":\"https:\/\/life-malta.com\/wp-content\/uploads\/2025\/04\/3-1.png\"},{\"@type\":\"BreadcrumbList\",\"@id\":\"https:\/\/life-malta.com\/vip\/#breadcrumb\",\"itemListElement\":[{\"@type\":\"ListItem\",\"position\":1,\"name\":\"Accueil\",\"item\":\"https:\/\/life-malta.com\/\"},{\"@type\":\"ListItem\",\"position\":2,\"name\":\"VIP\"}]},{\"@type\":\"WebSite\",\"@id\":\"https:\/\/life-malta.com\/#website\",\"url\":\"https:\/\/life-malta.com\/\",\"name\":\"Malte France\",\"description\":\"\",\"publisher\":{\"@id\":\"https:\/\/life-malta.com\/#organization\"},\"potentialAction\":[{\"@type\":\"SearchAction\",\"target\":{\"@type\":\"EntryPoint\",\"urlTemplate\":\"https:\/\/life-malta.com\/?s={search_term_string}\"},\"query-input\":{\"@type\":\"PropertyValueSpecification\",\"valueRequired\":true,\"valueName\":\"search_term_string\"}}],\"inLanguage\":\"en-GB\"},{\"@type\":\"Organization\",\"@id\":\"https:\/\/life-malta.com\/#organization\",\"name\":\"Meilleure soir\u00e9es \u00e0 Malte\",\"url\":\"https:\/\/life-malta.com\/\",\"logo\":{\"@type\":\"ImageObject\",\"inLanguage\":\"en-GB\",\"@id\":\"https:\/\/life-malta.com\/#\/schema\/logo\/image\/\",\"url\":\"https:\/\/life-malta.com\/wp-content\/uploads\/2025\/04\/3-1.png\",\"contentUrl\":\"https:\/\/life-malta.com\/wp-content\/uploads\/2025\/04\/3-1.png\",\"width\":289,\"height\":287,\"caption\":\"Meilleure soir\u00e9es \u00e0 Malte\"},\"image\":{\"@id\":\"https:\/\/life-malta.com\/#\/schema\/logo\/image\/\"}}]}<\/script>\n<!-- \/ Yoast SEO plugin. -->","yoast_head_json":{"title":"Venez tester l'exp\u00e9rience VIP \u00e0 Malte !","description":"Profitez d\u2019un acc\u00e8s privil\u00e9gi\u00e9 \u00e0 des espaces exclusifs, d\u2019un service sur mesure pour vivre une exp\u00e9rience VIP hors du commun \u00e0 Malte.","robots":{"index":"index","follow":"follow","max-snippet":"max-snippet:-1","max-image-preview":"max-image-preview:large","max-video-preview":"max-video-preview:-1"},"canonical":"https:\/\/life-malta.com\/en\/vip\/","og_locale":"en_GB","og_type":"article","og_title":"Venez tester l'exp\u00e9rience VIP \u00e0 Malte !","og_description":"Profitez d\u2019un acc\u00e8s privil\u00e9gi\u00e9 \u00e0 des espaces exclusifs, d\u2019un service sur mesure pour vivre une exp\u00e9rience VIP hors du commun \u00e0 Malte.","og_url":"https:\/\/life-malta.com\/en\/vip\/","og_site_name":"life-malta.com","article_modified_time":"2025-06-04T17:24:46+00:00","og_image":[{"width":289,"height":287,"url":"https:\/\/life-malta.com\/wp-content\/uploads\/2025\/04\/3-1.png","type":"image\/png"}],"twitter_card":"summary_large_image","twitter_misc":{"Estimated reading time":"1 minute"},"schema":{"@context":"https:\/\/schema.org","@graph":[{"@type":"WebPage","@id":"https:\/\/life-malta.com\/vip\/","url":"https:\/\/life-malta.com\/vip\/","name":"Venez tester l'exp\u00e9rience VIP \u00e0 Malte !","isPartOf":{"@id":"https:\/\/life-malta.com\/#website"},"primaryImageOfPage":{"@id":"https:\/\/life-malta.com\/vip\/#primaryimage"},"image":{"@id":"https:\/\/life-malta.com\/vip\/#primaryimage"},"thumbnailUrl":"https:\/\/life-malta.com\/wp-content\/uploads\/2025\/04\/3-1.png","datePublished":"2025-05-14T13:06:29+00:00","dateModified":"2025-06-04T17:24:46+00:00","description":"Profitez d\u2019un acc\u00e8s privil\u00e9gi\u00e9 \u00e0 des espaces exclusifs, d\u2019un service sur mesure pour vivre une exp\u00e9rience VIP hors du commun \u00e0 Malte.","breadcrumb":{"@id":"https:\/\/life-malta.com\/vip\/#breadcrumb"},"inLanguage":"en-GB","potentialAction":[{"@type":"ReadAction","target":["https:\/\/life-malta.com\/vip\/"]}]},{"@type":"ImageObject","inLanguage":"en-GB","@id":"https:\/\/life-malta.com\/vip\/#primaryimage","url":"https:\/\/life-malta.com\/wp-content\/uploads\/2025\/04\/3-1.png","contentUrl":"https:\/\/life-malta.com\/wp-content\/uploads\/2025\/04\/3-1.png"},{"@type":"BreadcrumbList","@id":"https:\/\/life-malta.com\/vip\/#breadcrumb","itemListElement":[{"@type":"ListItem","position":1,"name":"Accueil","item":"https:\/\/life-malta.com\/"},{"@type":"ListItem","position":2,"name":"VIP"}]},{"@type":"WebSite","@id":"https:\/\/life-malta.com\/#website","url":"https:\/\/life-malta.com\/","name":"Malte France","description":"","publisher":{"@id":"https:\/\/life-malta.com\/#organization"},"potentialAction":[{"@type":"SearchAction","target":{"@type":"EntryPoint","urlTemplate":"https:\/\/life-malta.com\/?s={search_term_string}"},"query-input":{"@type":"PropertyValueSpecification","valueRequired":true,"valueName":"search_term_string"}}],"inLanguage":"en-GB"},{"@type":"Organization","@id":"https:\/\/life-malta.com\/#organization","name":"Meilleure soir\u00e9es \u00e0 Malte","url":"https:\/\/life-malta.com\/","logo":{"@type":"ImageObject","inLanguage":"en-GB","@id":"https:\/\/life-malta.com\/#\/schema\/logo\/image\/","url":"https:\/\/life-malta.com\/wp-content\/uploads\/2025\/04\/3-1.png","contentUrl":"https:\/\/life-malta.com\/wp-content\/uploads\/2025\/04\/3-1.png","width":289,"height":287,"caption":"Meilleure soir\u00e9es \u00e0 Malte"},"image":{"@id":"https:\/\/life-malta.com\/#\/schema\/logo\/image\/"}}]}},"_links":{"self":[{"href":"https:\/\/life-malta.com\/en\/wp-json\/wp\/v2\/pages\/687","targetHints":{"allow":["GET"]}}],"collection":[{"href":"https:\/\/life-malta.com\/en\/wp-json\/wp\/v2\/pages"}],"about":[{"href":"https:\/\/life-malta.com\/en\/wp-json\/wp\/v2\/types\/page"}],"author":[{"embeddable":true,"href":"https:\/\/life-malta.com\/en\/wp-json\/wp\/v2\/users\/1"}],"replies":[{"embeddable":true,"href":"https:\/\/life-malta.com\/en\/wp-json\/wp\/v2\/comments?post=687"}],"version-history":[{"count":65,"href":"https:\/\/life-malta.com\/en\/wp-json\/wp\/v2\/pages\/687\/revisions"}],"predecessor-version":[{"id":1466,"href":"https:\/\/life-malta.com\/en\/wp-json\/wp\/v2\/pages\/687\/revisions\/1466"}],"wp:attachment":[{"href":"https:\/\/life-malta.com\/en\/wp-json\/wp\/v2\/media?parent=687"}],"curies":[{"name":"wp","href":"https:\/\/api.w.org\/{rel}","templated":true}]}}